{"id":1412,"date":"2022-10-17T18:29:10","date_gmt":"2022-10-17T18:29:10","guid":{"rendered":"http:\/\/myrentacarbg.com\/ueber-uns\/"},"modified":"2023-06-05T18:19:54","modified_gmt":"2023-06-05T18:19:54","slug":"ueber-uns","status":"publish","type":"page","link":"https:\/\/myrentacarbg.com\/de\/ueber-uns\/","title":{"rendered":"\u00dcber uns"},"content":{"rendered":"<div class=\"wp-block-image img-thumb\">\n<figure class=\"alignright size-full\"><img loading=\"lazy\" decoding=\"async\" width=\"489\" height=\"331\" src=\"http:\/\/myrentacarbg.com\/wp-content\/uploads\/2022\/10\/About_us_picture_optimized.jpg\" alt=\"autovermietung-varna-bulgarien-suv\" class=\"wp-image-100\" srcset=\"https:\/\/myrentacarbg.com\/wp-content\/uploads\/2022\/10\/About_us_picture_optimized.jpg 489w, https:\/\/myrentacarbg.com\/wp-content\/uploads\/2022\/10\/About_us_picture_optimized-300x203.jpg 300w, https:\/\/myrentacarbg.com\/wp-content\/uploads\/2022\/10\/About_us_picture_optimized-480x325.jpg 480w, https:\/\/myrentacarbg.com\/wp-content\/uploads\/2022\/10\/About_us_picture_optimized-250x169.jpg 250w, https:\/\/myrentacarbg.com\/wp-content\/uploads\/2022\/10\/About_us_picture_optimized-369x250.jpg 369w, https:\/\/myrentacarbg.com\/wp-content\/uploads\/2022\/10\/About_us_picture_optimized-150x102.jpg 150w\" sizes=\"auto, (max-width: 489px) 100vw, 489px\" \/><\/figure>\n<\/div>\n<h3 class=\"wp-block-heading\"><strong>Willkommen bei MyRentACar, der ersten Autovermietung in Varna, Bulgarien!<\/strong><br\/><br\/><strong>Wir bieten eine breite Palette von Fahrzeugen, die Ihren Bed\u00fcrfnissen entsprechen, egal ob Sie allein reisen, mit der Familie in den Urlaub fahren oder mit einer Gruppe von Kollegen auf Gesch\u00e4ftsreise sind.  <\/strong><br\/><strong>Unsere gut gewartete Fahrzeugflotte umfasst Kompakt- und Kleinwagen, SUVs, Luxuslimousinen und vieles mehr &#8211; und das alles zu wettbewerbsf\u00e4higen Preisen.  <\/strong><br\/><strong>Unser Online-Reservierungssystem ist einfach zu bedienen, und unser Kundendienstteam steht Ihnen rund um die Uhr zur Verf\u00fcgung, um Sie bei allen Fragen und Anliegen zu unterst\u00fctzen.<\/strong><br\/><br\/><strong>Wir sind stolz darauf, unseren Kunden einen au\u00dfergew\u00f6hnlichen Service zu bieten &#8211; von der Buchung bis zur R\u00fcckgabe des Fahrzeugs. Ob Sie gesch\u00e4ftlich oder zum Vergn\u00fcgen hier sind, MyRentACarBG hat das perfekte Mietauto f\u00fcr Sie. Reservieren Sie noch heute und erleben Sie den besten Mietwagenservice in Varna!<\/strong><\/h3>\n\n<blockquote class=\"wp-block-quote is-layout-flow wp-block-quote-is-layout-flow\">\n<p>Wenn die Leute fragen: &#8222;Was machst du so?  <br\/>&#8211; Was immer n\u00f6tig ist!<\/p>\n<\/blockquote>\n","protected":false},"excerpt":{"rendered":"<p>Willkommen bei MyRentACar, der ersten Autovermietung in Varna, Bulgarien! Wir bieten eine breite Palette von Fahrzeugen, die Ihren Bed\u00fcrfnissen entsprechen, egal ob Sie allein reisen, mit der Familie in den Urlaub fahren oder mit einer Gruppe von Kollegen auf Gesch\u00e4ftsreise sind. Unsere gut gewartete Fahrzeugflotte umfasst Kompakt- und Kleinwagen, SUVs, Luxuslimousinen und vieles mehr &#8211; &hellip; <\/p>\n<p class=\"link-more\"><a href=\"https:\/\/myrentacarbg.com\/de\/ueber-uns\/\" class=\"more-link\"><span class=\"screen-reader-text\"> prova &#8222;\u00dcber uns&#8220;<\/span><\/a><\/p>\n","protected":false},"author":1,"featured_media":0,"parent":0,"menu_order":0,"comment_status":"closed","ping_status":"closed","template":"page-templates\/page-about.php","meta":{"footnotes":""},"class_list":["post-1412","page","type-page","status-publish","hentry"],"yoast_head":"<!-- This site is optimized with the Yoast SEO plugin v27.4 - https:\/\/yoast.com\/product\/yoast-seo-wordpress\/ -->\n<title>\u00dcber uns - Myrentacarbg<\/title>\n<meta name=\"robots\" content=\"index, follow, max-snippet:-1, max-image-preview:large, max-video-preview:-1\" \/>\n<link rel=\"canonical\" href=\"https:\/\/myrentacarbg.com\/de\/ueber-uns\/\" \/>\n<meta property=\"og:locale\" content=\"de_DE\" \/>\n<meta property=\"og:type\" content=\"article\" \/>\n<meta property=\"og:title\" content=\"\u00dcber uns - Myrentacarbg\" \/>\n<meta property=\"og:description\" content=\"Willkommen bei MyRentACar, der ersten Autovermietung in Varna, Bulgarien! Wir bieten eine breite Palette von Fahrzeugen, die Ihren Bed\u00fcrfnissen entsprechen, egal ob Sie allein reisen, mit der Familie in den Urlaub fahren oder mit einer Gruppe von Kollegen auf Gesch\u00e4ftsreise sind. Unsere gut gewartete Fahrzeugflotte umfasst Kompakt- und Kleinwagen, SUVs, Luxuslimousinen und vieles mehr &#8211; &hellip; prova &quot;\u00dcber uns&quot;\" \/>\n<meta property=\"og:url\" content=\"https:\/\/myrentacarbg.com\/de\/ueber-uns\/\" \/>\n<meta property=\"og:site_name\" content=\"Myrentacarbg\" \/>\n<meta property=\"article:modified_time\" content=\"2023-06-05T18:19:54+00:00\" \/>\n<meta property=\"og:image\" content=\"http:\/\/myrentacarbg.com\/wp-content\/uploads\/2022\/10\/About_us_picture_optimized.jpg\" \/>\n<meta name=\"twitter:card\" content=\"summary_large_image\" \/>\n<meta name=\"twitter:label1\" content=\"Gesch\u00e4tzte Lesezeit\" \/>\n\t<meta name=\"twitter:data1\" content=\"1\u00a0Minute\" \/>\n<script type=\"application\/ld+json\" class=\"yoast-schema-graph\">{\"@context\":\"https:\\\/\\\/schema.org\",\"@graph\":[{\"@type\":\"WebPage\",\"@id\":\"https:\\\/\\\/myrentacarbg.com\\\/de\\\/ueber-uns\\\/\",\"url\":\"https:\\\/\\\/myrentacarbg.com\\\/de\\\/ueber-uns\\\/\",\"name\":\"\u00dcber uns - Myrentacarbg\",\"isPartOf\":{\"@id\":\"https:\\\/\\\/myrentacarbg.com\\\/de\\\/#website\"},\"primaryImageOfPage\":{\"@id\":\"https:\\\/\\\/myrentacarbg.com\\\/de\\\/ueber-uns\\\/#primaryimage\"},\"image\":{\"@id\":\"https:\\\/\\\/myrentacarbg.com\\\/de\\\/ueber-uns\\\/#primaryimage\"},\"thumbnailUrl\":\"http:\\\/\\\/myrentacarbg.com\\\/wp-content\\\/uploads\\\/2022\\\/10\\\/About_us_picture_optimized.jpg\",\"datePublished\":\"2022-10-17T18:29:10+00:00\",\"dateModified\":\"2023-06-05T18:19:54+00:00\",\"breadcrumb\":{\"@id\":\"https:\\\/\\\/myrentacarbg.com\\\/de\\\/ueber-uns\\\/#breadcrumb\"},\"inLanguage\":\"de\",\"potentialAction\":[{\"@type\":\"ReadAction\",\"target\":[\"https:\\\/\\\/myrentacarbg.com\\\/de\\\/ueber-uns\\\/\"]}]},{\"@type\":\"ImageObject\",\"inLanguage\":\"de\",\"@id\":\"https:\\\/\\\/myrentacarbg.com\\\/de\\\/ueber-uns\\\/#primaryimage\",\"url\":\"http:\\\/\\\/myrentacarbg.com\\\/wp-content\\\/uploads\\\/2022\\\/10\\\/About_us_picture_optimized.jpg\",\"contentUrl\":\"http:\\\/\\\/myrentacarbg.com\\\/wp-content\\\/uploads\\\/2022\\\/10\\\/About_us_picture_optimized.jpg\"},{\"@type\":\"BreadcrumbList\",\"@id\":\"https:\\\/\\\/myrentacarbg.com\\\/de\\\/ueber-uns\\\/#breadcrumb\",\"itemListElement\":[{\"@type\":\"ListItem\",\"position\":1,\"name\":\"\u041d\u0430\u0447\u0430\u043b\u043e\",\"item\":\"https:\\\/\\\/myrentacarbg.com\\\/de\\\/\"},{\"@type\":\"ListItem\",\"position\":2,\"name\":\"\u00dcber uns\"}]},{\"@type\":\"WebSite\",\"@id\":\"https:\\\/\\\/myrentacarbg.com\\\/de\\\/#website\",\"url\":\"https:\\\/\\\/myrentacarbg.com\\\/de\\\/\",\"name\":\"Myrentacarbg\",\"description\":\"Affordable Rent a car service is Varna, Bulgaria. Quality cars, &amp; friendly team our clients can count on!\",\"potentialAction\":[{\"@type\":\"SearchAction\",\"target\":{\"@type\":\"EntryPoint\",\"urlTemplate\":\"https:\\\/\\\/myrentacarbg.com\\\/de\\\/?s={search_term_string}\"},\"query-input\":{\"@type\":\"PropertyValueSpecification\",\"valueRequired\":true,\"valueName\":\"search_term_string\"}}],\"inLanguage\":\"de\"}]}<\/script>\n<!-- \/ Yoast SEO plugin. -->","yoast_head_json":{"title":"\u00dcber uns - Myrentacarbg","robots":{"index":"index","follow":"follow","max-snippet":"max-snippet:-1","max-image-preview":"max-image-preview:large","max-video-preview":"max-video-preview:-1"},"canonical":"https:\/\/myrentacarbg.com\/de\/ueber-uns\/","og_locale":"de_DE","og_type":"article","og_title":"\u00dcber uns - Myrentacarbg","og_description":"Willkommen bei MyRentACar, der ersten Autovermietung in Varna, Bulgarien! Wir bieten eine breite Palette von Fahrzeugen, die Ihren Bed\u00fcrfnissen entsprechen, egal ob Sie allein reisen, mit der Familie in den Urlaub fahren oder mit einer Gruppe von Kollegen auf Gesch\u00e4ftsreise sind. Unsere gut gewartete Fahrzeugflotte umfasst Kompakt- und Kleinwagen, SUVs, Luxuslimousinen und vieles mehr &#8211; &hellip; prova \"\u00dcber uns\"","og_url":"https:\/\/myrentacarbg.com\/de\/ueber-uns\/","og_site_name":"Myrentacarbg","article_modified_time":"2023-06-05T18:19:54+00:00","og_image":[{"url":"http:\/\/myrentacarbg.com\/wp-content\/uploads\/2022\/10\/About_us_picture_optimized.jpg","type":"","width":"","height":""}],"twitter_card":"summary_large_image","twitter_misc":{"Gesch\u00e4tzte Lesezeit":"1\u00a0Minute"},"schema":{"@context":"https:\/\/schema.org","@graph":[{"@type":"WebPage","@id":"https:\/\/myrentacarbg.com\/de\/ueber-uns\/","url":"https:\/\/myrentacarbg.com\/de\/ueber-uns\/","name":"\u00dcber uns - Myrentacarbg","isPartOf":{"@id":"https:\/\/myrentacarbg.com\/de\/#website"},"primaryImageOfPage":{"@id":"https:\/\/myrentacarbg.com\/de\/ueber-uns\/#primaryimage"},"image":{"@id":"https:\/\/myrentacarbg.com\/de\/ueber-uns\/#primaryimage"},"thumbnailUrl":"http:\/\/myrentacarbg.com\/wp-content\/uploads\/2022\/10\/About_us_picture_optimized.jpg","datePublished":"2022-10-17T18:29:10+00:00","dateModified":"2023-06-05T18:19:54+00:00","breadcrumb":{"@id":"https:\/\/myrentacarbg.com\/de\/ueber-uns\/#breadcrumb"},"inLanguage":"de","potentialAction":[{"@type":"ReadAction","target":["https:\/\/myrentacarbg.com\/de\/ueber-uns\/"]}]},{"@type":"ImageObject","inLanguage":"de","@id":"https:\/\/myrentacarbg.com\/de\/ueber-uns\/#primaryimage","url":"http:\/\/myrentacarbg.com\/wp-content\/uploads\/2022\/10\/About_us_picture_optimized.jpg","contentUrl":"http:\/\/myrentacarbg.com\/wp-content\/uploads\/2022\/10\/About_us_picture_optimized.jpg"},{"@type":"BreadcrumbList","@id":"https:\/\/myrentacarbg.com\/de\/ueber-uns\/#breadcrumb","itemListElement":[{"@type":"ListItem","position":1,"name":"\u041d\u0430\u0447\u0430\u043b\u043e","item":"https:\/\/myrentacarbg.com\/de\/"},{"@type":"ListItem","position":2,"name":"\u00dcber uns"}]},{"@type":"WebSite","@id":"https:\/\/myrentacarbg.com\/de\/#website","url":"https:\/\/myrentacarbg.com\/de\/","name":"Myrentacarbg","description":"Affordable Rent a car service is Varna, Bulgaria. Quality cars, &amp; friendly team our clients can count on!","potentialAction":[{"@type":"SearchAction","target":{"@type":"EntryPoint","urlTemplate":"https:\/\/myrentacarbg.com\/de\/?s={search_term_string}"},"query-input":{"@type":"PropertyValueSpecification","valueRequired":true,"valueName":"search_term_string"}}],"inLanguage":"de"}]}},"_links":{"self":[{"href":"https:\/\/myrentacarbg.com\/de\/wp-json\/wp\/v2\/pages\/1412","targetHints":{"allow":["GET"]}}],"collection":[{"href":"https:\/\/myrentacarbg.com\/de\/wp-json\/wp\/v2\/pages"}],"about":[{"href":"https:\/\/myrentacarbg.com\/de\/wp-json\/wp\/v2\/types\/page"}],"author":[{"embeddable":true,"href":"https:\/\/myrentacarbg.com\/de\/wp-json\/wp\/v2\/users\/1"}],"replies":[{"embeddable":true,"href":"https:\/\/myrentacarbg.com\/de\/wp-json\/wp\/v2\/comments?post=1412"}],"version-history":[{"count":2,"href":"https:\/\/myrentacarbg.com\/de\/wp-json\/wp\/v2\/pages\/1412\/revisions"}],"predecessor-version":[{"id":1423,"href":"https:\/\/myrentacarbg.com\/de\/wp-json\/wp\/v2\/pages\/1412\/revisions\/1423"}],"wp:attachment":[{"href":"https:\/\/myrentacarbg.com\/de\/wp-json\/wp\/v2\/media?parent=1412"}],"curies":[{"name":"wp","href":"https:\/\/api.w.org\/{rel}","templated":true}]}}