{"id":1350,"date":"2022-10-17T18:36:11","date_gmt":"2022-10-17T18:36:11","guid":{"rendered":"http:\/\/myrentacarbg.com\/datenschutzbestimmungen\/"},"modified":"2023-06-05T18:19:35","modified_gmt":"2023-06-05T18:19:35","slug":"datenschutzbestimmungen","status":"publish","type":"page","link":"https:\/\/myrentacarbg.com\/de\/datenschutzbestimmungen\/","title":{"rendered":"Datenschutzbestimmungen"},"content":{"rendered":"\n<p>Auf myrentacarbg.com sammeln und verwalten wir Benutzerdaten gem\u00e4\u00df der folgenden Datenschutzrichtlinie.<\/p>\n\n<h2 class=\"wp-block-heading\">Erfasste Daten<\/h2>\n\n<p>Wir sammeln Informationen, die Sie uns direkt zur Verf\u00fcgung stellen. Wir erfassen beispielsweise Daten, wenn Sie ein Konto erstellen, ein Abonnement abschlie\u00dfen, an interaktiven Funktionen unserer Dienste teilnehmen, ein Formular ausf\u00fcllen, Kundendienst anfordern oder anderweitig mit uns kommunizieren. Zu den von uns erfassten Daten geh\u00f6ren Ihr Name, Ihre E-Mail-Adresse, Ihre Postanschrift, Ihre Kreditkartendaten und andere Kontakt- oder Identifizierungsdaten, die Sie uns zur Verf\u00fcgung stellen.<\/p>\n\n<p>Wir sammeln anonyme Daten von jedem Besucher der Website, um den Datenverkehr zu \u00fcberwachen und Fehler zu beheben. So erfassen wir beispielsweise Informationen wie Webanfragen, die als Antwort auf solche Anfragen gesendeten Daten, die Internetprotokolladresse, den Browsertyp, die Browsersprache und einen Zeitstempel f\u00fcr die Anfrage.<\/p>\n\n<p>Wir verwenden auch verschiedene Technologien, um Informationen zu sammeln, und dies kann das Senden von Cookies an Ihren Computer beinhalten. Cookies sind kleine Datendateien, die auf Ihrer Festplatte oder im Speicher Ihres Ger\u00e4ts gespeichert werden und uns dabei helfen, unsere Dienste zu verbessern, zu sehen, welche Bereiche und Funktionen unserer Dienste beliebt sind, und Besuche zu z\u00e4hlen. Wir k\u00f6nnen auch Informationen mit Hilfe von Web-Beacons (auch bekannt als &#8222;Z\u00e4hlpixel&#8220;) sammeln. Web Beacons sind elektronische Bilder, die in unseren Diensten oder E-Mails verwendet werden k\u00f6nnen, um die Anzahl der Besuche zu verfolgen oder die Nutzung und die Wirksamkeit von Kampagnen zu verstehen.<\/p>\n\n<h2 class=\"wp-block-heading\">Verwendung der Daten<\/h2>\n\n<p>Wir verwenden Ihre pers\u00f6nlichen Daten nur, um Ihnen die myrentacarbg.com-Dienste anzubieten oder um mit Ihnen \u00fcber die Website oder die Dienste zu kommunizieren. Unsere Datenschutzrichtlinie wurde mit Hilfe der Vorlage f\u00fcr Datenschutzrichtlinien und der Vorlage f\u00fcr Allgemeine Gesch\u00e4ftsbedingungen erstellt.<\/p>\n\n<p>Wir setzen branchen\u00fcbliche Techniken ein, um den unbefugten Zugriff auf Ihre bei uns gespeicherten Daten, einschlie\u00dflich personenbezogener Daten, zu verhindern.<\/p>\n\n<p>Wir geben die uns von Ihnen zur Verf\u00fcgung gestellten personenbezogenen Daten nicht ohne Ihre Zustimmung weiter, es sei denn, Sie sind damit einverstanden:<\/p>\n\n<p>Dies ist angemessen, um Ihren eigenen Antrag zu erf\u00fcllen<\/p>\n\n<p>Wir glauben, dass es notwendig ist, um unsere rechtlichen Vereinbarungen durchzusetzen, oder dass dies gesetzlich vorgeschrieben ist.<\/p>\n\n<p>Wir glauben, dass dies notwendig ist, um Betrug, Sicherheit oder technische Probleme aufzudecken, zu verhindern oder zu beheben.<\/p>\n\n<h2 class=\"wp-block-heading\">Gemeinsame Nutzung von Daten<\/h2>\n\n<p>Wir geben Ihre pers\u00f6nlichen Daten nicht an Dritte weiter. Aggregierte, anonymisierte Daten werden regelm\u00e4\u00dfig an externe Dienste \u00fcbermittelt, um uns bei der Verbesserung der Website und des Service zu helfen.<\/p>\n\n<p>Wir k\u00f6nnen Dritte mit der Erbringung von Analysediensten beauftragen. Diese Dritten k\u00f6nnen Cookies, Web-Beacons und andere Technologien verwenden, um Informationen \u00fcber Ihre Nutzung der Dienste und anderer Websites zu sammeln, einschlie\u00dflich Ihrer IP-Adresse, Ihres Webbrowsers, der aufgerufenen Seiten, der auf den Seiten verbrachten Zeit, der angeklickten Links und der Umrechnungsinformationen.<\/p>\n\n<p>Wir verwenden auch soziale Schaltfl\u00e4chen, die von Diensten wie Twitter, Google+, LinkedIn und Facebook bereitgestellt werden. Die Nutzung dieser Dienste Dritter ist Ihnen v\u00f6llig freigestellt. Wir sind nicht verantwortlich f\u00fcr die Datenschutzrichtlinien und\/oder -praktiken dieser Drittanbieterdienste, und Sie sind daf\u00fcr verantwortlich, die Datenschutzrichtlinien dieser Drittanbieterdienste zu lesen und zu verstehen.<\/p>\n\n<h2 class=\"wp-block-heading\">Cookies<\/h2>\n\n<p>Wir k\u00f6nnen auf unserer Website Cookies verwenden, um Ihre Pr\u00e4ferenzen zu speichern.<\/p>\n\n<p>F\u00fcr weitere allgemeine Informationen \u00fcber Cookies lesen Sie bitte &#8222;Was sind Cookies&#8220;.<\/p>\n\n<p>Opt-Out, Kommunikationspr\u00e4ferenzen<\/p>\n\n<p>Sie k\u00f6nnen Ihre Kommunikationspr\u00e4ferenzen jederzeit \u00e4ndern und\/oder sich von bestimmten Mitteilungen abmelden. Bitte geben Sie Ihre Pr\u00e4ferenzen an und passen Sie sie an.<\/p>\n\n<h2 class=\"wp-block-heading\">Sicherheit<\/h2>\n\n<p>Wir ergreifen angemessene Ma\u00dfnahmen, um pers\u00f6nlich identifizierbare Daten vor Verlust, Missbrauch und unbefugtem Zugriff, Offenlegung, \u00c4nderung oder Zerst\u00f6rung zu sch\u00fctzen. Sie sollten jedoch bedenken, dass keine Internet\u00fcbertragung jemals v\u00f6llig sicher oder fehlerfrei ist. Insbesondere E-Mails, die an oder von den Websites gesendet werden, sind m\u00f6glicherweise nicht sicher.<\/p>\n\n<h2 class=\"wp-block-heading\">\u00dcber Kinder<\/h2>\n\n<p>Die Website ist nicht f\u00fcr Kinder unter 13 Jahren bestimmt. Wir sammeln nicht wissentlich pers\u00f6nlich identifizierbare Informationen \u00fcber die Website von Besuchern dieser Altersgruppe.<\/p>\n\n<h2 class=\"wp-block-heading\">\u00c4nderungen der Datenschutzrichtlinie<\/h2>\n\n<p>Wir k\u00f6nnen diese Datenschutzrichtlinie von Zeit zu Zeit \u00e4ndern. Die Verwendung der von uns gesammelten Informationen unterliegt der Datenschutzrichtlinie, die zum Zeitpunkt der Verwendung dieser Informationen in Kraft ist.<\/p>\n\n<p>Wenn wir gr\u00f6\u00dfere \u00c4nderungen an der Art und Weise vornehmen, wie wir Informationen sammeln oder verwenden, werden wir Sie durch eine Ank\u00fcndigung auf der Website oder per E-Mail informieren.<\/p>\n\n<p><\/p>\n","protected":false},"excerpt":{"rendered":"<p>Auf myrentacarbg.com sammeln und verwalten wir Benutzerdaten gem\u00e4\u00df der folgenden Datenschutzrichtlinie. Erfasste Daten Wir sammeln Informationen, die Sie uns direkt zur Verf\u00fcgung stellen. Wir erfassen beispielsweise Daten, wenn Sie ein Konto erstellen, ein Abonnement abschlie\u00dfen, an interaktiven Funktionen unserer Dienste teilnehmen, ein Formular ausf\u00fcllen, Kundendienst anfordern oder anderweitig mit uns kommunizieren. Zu den von uns &hellip; <\/p>\n<p class=\"link-more\"><a href=\"https:\/\/myrentacarbg.com\/de\/datenschutzbestimmungen\/\" class=\"more-link\"><span class=\"screen-reader-text\"> prova &#8222;Datenschutzbestimmungen&#8220;<\/span><\/a><\/p>\n","protected":false},"author":1,"featured_media":0,"parent":0,"menu_order":0,"comment_status":"closed","ping_status":"closed","template":"","meta":{"footnotes":""},"class_list":["post-1350","page","type-page","status-publish","hentry"],"yoast_head":"<!-- This site is optimized with the Yoast SEO plugin v27.4 - https:\/\/yoast.com\/product\/yoast-seo-wordpress\/ -->\n<title>Datenschutzbestimmungen - Myrentacarbg<\/title>\n<meta name=\"robots\" content=\"index, follow, max-snippet:-1, max-image-preview:large, max-video-preview:-1\" \/>\n<link rel=\"canonical\" href=\"https:\/\/myrentacarbg.com\/de\/datenschutzbestimmungen\/\" \/>\n<meta property=\"og:locale\" content=\"de_DE\" \/>\n<meta property=\"og:type\" content=\"article\" \/>\n<meta property=\"og:title\" content=\"Datenschutzbestimmungen - Myrentacarbg\" \/>\n<meta property=\"og:description\" content=\"Auf myrentacarbg.com sammeln und verwalten wir Benutzerdaten gem\u00e4\u00df der folgenden Datenschutzrichtlinie. Erfasste Daten Wir sammeln Informationen, die Sie uns direkt zur Verf\u00fcgung stellen. Wir erfassen beispielsweise Daten, wenn Sie ein Konto erstellen, ein Abonnement abschlie\u00dfen, an interaktiven Funktionen unserer Dienste teilnehmen, ein Formular ausf\u00fcllen, Kundendienst anfordern oder anderweitig mit uns kommunizieren. Zu den von uns &hellip; prova &quot;Datenschutzbestimmungen&quot;\" \/>\n<meta property=\"og:url\" content=\"https:\/\/myrentacarbg.com\/de\/datenschutzbestimmungen\/\" \/>\n<meta property=\"og:site_name\" content=\"Myrentacarbg\" \/>\n<meta property=\"article:modified_time\" content=\"2023-06-05T18:19:35+00:00\" \/>\n<meta name=\"twitter:card\" content=\"summary_large_image\" \/>\n<meta name=\"twitter:label1\" content=\"Gesch\u00e4tzte Lesezeit\" \/>\n\t<meta name=\"twitter:data1\" content=\"4\u00a0Minuten\" \/>\n<script type=\"application\/ld+json\" class=\"yoast-schema-graph\">{\"@context\":\"https:\\\/\\\/schema.org\",\"@graph\":[{\"@type\":\"WebPage\",\"@id\":\"https:\\\/\\\/myrentacarbg.com\\\/de\\\/datenschutzbestimmungen\\\/\",\"url\":\"https:\\\/\\\/myrentacarbg.com\\\/de\\\/datenschutzbestimmungen\\\/\",\"name\":\"Datenschutzbestimmungen - Myrentacarbg\",\"isPartOf\":{\"@id\":\"https:\\\/\\\/myrentacarbg.com\\\/de\\\/#website\"},\"datePublished\":\"2022-10-17T18:36:11+00:00\",\"dateModified\":\"2023-06-05T18:19:35+00:00\",\"breadcrumb\":{\"@id\":\"https:\\\/\\\/myrentacarbg.com\\\/de\\\/datenschutzbestimmungen\\\/#breadcrumb\"},\"inLanguage\":\"de\",\"potentialAction\":[{\"@type\":\"ReadAction\",\"target\":[\"https:\\\/\\\/myrentacarbg.com\\\/de\\\/datenschutzbestimmungen\\\/\"]}]},{\"@type\":\"BreadcrumbList\",\"@id\":\"https:\\\/\\\/myrentacarbg.com\\\/de\\\/datenschutzbestimmungen\\\/#breadcrumb\",\"itemListElement\":[{\"@type\":\"ListItem\",\"position\":1,\"name\":\"\u041d\u0430\u0447\u0430\u043b\u043e\",\"item\":\"https:\\\/\\\/myrentacarbg.com\\\/de\\\/\"},{\"@type\":\"ListItem\",\"position\":2,\"name\":\"Datenschutzbestimmungen\"}]},{\"@type\":\"WebSite\",\"@id\":\"https:\\\/\\\/myrentacarbg.com\\\/de\\\/#website\",\"url\":\"https:\\\/\\\/myrentacarbg.com\\\/de\\\/\",\"name\":\"Myrentacarbg\",\"description\":\"Affordable Rent a car service is Varna, Bulgaria. Quality cars, &amp; friendly team our clients can count on!\",\"potentialAction\":[{\"@type\":\"SearchAction\",\"target\":{\"@type\":\"EntryPoint\",\"urlTemplate\":\"https:\\\/\\\/myrentacarbg.com\\\/de\\\/?s={search_term_string}\"},\"query-input\":{\"@type\":\"PropertyValueSpecification\",\"valueRequired\":true,\"valueName\":\"search_term_string\"}}],\"inLanguage\":\"de\"}]}<\/script>\n<!-- \/ Yoast SEO plugin. -->","yoast_head_json":{"title":"Datenschutzbestimmungen - Myrentacarbg","robots":{"index":"index","follow":"follow","max-snippet":"max-snippet:-1","max-image-preview":"max-image-preview:large","max-video-preview":"max-video-preview:-1"},"canonical":"https:\/\/myrentacarbg.com\/de\/datenschutzbestimmungen\/","og_locale":"de_DE","og_type":"article","og_title":"Datenschutzbestimmungen - Myrentacarbg","og_description":"Auf myrentacarbg.com sammeln und verwalten wir Benutzerdaten gem\u00e4\u00df der folgenden Datenschutzrichtlinie. Erfasste Daten Wir sammeln Informationen, die Sie uns direkt zur Verf\u00fcgung stellen. Wir erfassen beispielsweise Daten, wenn Sie ein Konto erstellen, ein Abonnement abschlie\u00dfen, an interaktiven Funktionen unserer Dienste teilnehmen, ein Formular ausf\u00fcllen, Kundendienst anfordern oder anderweitig mit uns kommunizieren. Zu den von uns &hellip; prova \"Datenschutzbestimmungen\"","og_url":"https:\/\/myrentacarbg.com\/de\/datenschutzbestimmungen\/","og_site_name":"Myrentacarbg","article_modified_time":"2023-06-05T18:19:35+00:00","twitter_card":"summary_large_image","twitter_misc":{"Gesch\u00e4tzte Lesezeit":"4\u00a0Minuten"},"schema":{"@context":"https:\/\/schema.org","@graph":[{"@type":"WebPage","@id":"https:\/\/myrentacarbg.com\/de\/datenschutzbestimmungen\/","url":"https:\/\/myrentacarbg.com\/de\/datenschutzbestimmungen\/","name":"Datenschutzbestimmungen - Myrentacarbg","isPartOf":{"@id":"https:\/\/myrentacarbg.com\/de\/#website"},"datePublished":"2022-10-17T18:36:11+00:00","dateModified":"2023-06-05T18:19:35+00:00","breadcrumb":{"@id":"https:\/\/myrentacarbg.com\/de\/datenschutzbestimmungen\/#breadcrumb"},"inLanguage":"de","potentialAction":[{"@type":"ReadAction","target":["https:\/\/myrentacarbg.com\/de\/datenschutzbestimmungen\/"]}]},{"@type":"BreadcrumbList","@id":"https:\/\/myrentacarbg.com\/de\/datenschutzbestimmungen\/#breadcrumb","itemListElement":[{"@type":"ListItem","position":1,"name":"\u041d\u0430\u0447\u0430\u043b\u043e","item":"https:\/\/myrentacarbg.com\/de\/"},{"@type":"ListItem","position":2,"name":"Datenschutzbestimmungen"}]},{"@type":"WebSite","@id":"https:\/\/myrentacarbg.com\/de\/#website","url":"https:\/\/myrentacarbg.com\/de\/","name":"Myrentacarbg","description":"Affordable Rent a car service is Varna, Bulgaria. Quality cars, &amp; friendly team our clients can count on!","potentialAction":[{"@type":"SearchAction","target":{"@type":"EntryPoint","urlTemplate":"https:\/\/myrentacarbg.com\/de\/?s={search_term_string}"},"query-input":{"@type":"PropertyValueSpecification","valueRequired":true,"valueName":"search_term_string"}}],"inLanguage":"de"}]}},"_links":{"self":[{"href":"https:\/\/myrentacarbg.com\/de\/wp-json\/wp\/v2\/pages\/1350","targetHints":{"allow":["GET"]}}],"collection":[{"href":"https:\/\/myrentacarbg.com\/de\/wp-json\/wp\/v2\/pages"}],"about":[{"href":"https:\/\/myrentacarbg.com\/de\/wp-json\/wp\/v2\/types\/page"}],"author":[{"embeddable":true,"href":"https:\/\/myrentacarbg.com\/de\/wp-json\/wp\/v2\/users\/1"}],"replies":[{"embeddable":true,"href":"https:\/\/myrentacarbg.com\/de\/wp-json\/wp\/v2\/comments?post=1350"}],"version-history":[{"count":2,"href":"https:\/\/myrentacarbg.com\/de\/wp-json\/wp\/v2\/pages\/1350\/revisions"}],"predecessor-version":[{"id":1361,"href":"https:\/\/myrentacarbg.com\/de\/wp-json\/wp\/v2\/pages\/1350\/revisions\/1361"}],"wp:attachment":[{"href":"https:\/\/myrentacarbg.com\/de\/wp-json\/wp\/v2\/media?parent=1350"}],"curies":[{"name":"wp","href":"https:\/\/api.w.org\/{rel}","templated":true}]}}